{"id":168,"date":"2017-09-29T22:07:27","date_gmt":"2017-09-29T22:07:27","guid":{"rendered":"http:\/\/www.iescristobaldemonroy.es\/wordpress\/?page_id=168"},"modified":"2019-11-14T09:30:11","modified_gmt":"2019-11-14T09:30:11","slug":"donde-estamos","status":"publish","type":"page","link":"https:\/\/www.iescristobaldemonroy.es\/wordpress\/donde-estamos\/","title":{"rendered":"D\u00f3nde estamos"},"content":{"rendered":"<p>Avenida de la Constituci\u00f3n, s\/n<\/p>\n<p>41500, Alcal\u00e1 de Guada\u00edra<\/p>\n<p>Sevilla (Espa\u00f1a)<\/p>\n<p>&nbsp;<br \/>\n<iframe loading=\"lazy\" style=\"border: 0;\" src=\"https:\/\/www.google.com\/maps\/embed?pb=!1m18!1m12!1m3!1d3171.754722864199!2d-5.845789484393092!3d37.34831514435255!2m3!1f0!2f0!3f0!3m2!1i1024!2i768!4f13.1!3m3!1m2!1s0xd1264e8c1edf9ed%3A0x2a9cf4bc3db951e7!2sInstituto+de+Educaci%C3%B3n+Secundaria+Ies+Crist%C3%B3bal+de+Monroy!5e0!3m2!1ses!2ses!4v1506722782200\" width=\"600\" height=\"450\" frameborder=\"0\" allowfullscreen=\"allowfullscreen\"><\/iframe><\/p>\n","protected":false},"excerpt":{"rendered":"<p>Avenida de la Constituci\u00f3n, s\/n 41500, Alcal\u00e1 de Guada\u00edra Sevilla (Espa\u00f1a) &nbsp;<\/p>\n","protected":false},"author":1,"featured_media":0,"parent":0,"menu_order":1,"comment_status":"closed","ping_status":"closed","template":"","meta":{"ngg_post_thumbnail":0,"footnotes":""},"class_list":["post-168","page","type-page","status-publish","hentry"],"_links":{"self":[{"href":"https:\/\/www.iescristobaldemonroy.es\/wordpress\/wp-json\/wp\/v2\/pages\/168","targetHints":{"allow":["GET"]}}],"collection":[{"href":"https:\/\/www.iescristobaldemonroy.es\/wordpress\/wp-json\/wp\/v2\/pages"}],"about":[{"href":"https:\/\/www.iescristobaldemonroy.es\/wordpress\/wp-json\/wp\/v2\/types\/page"}],"author":[{"embeddable":true,"href":"https:\/\/www.iescristobaldemonroy.es\/wordpress\/wp-json\/wp\/v2\/users\/1"}],"replies":[{"embeddable":true,"href":"https:\/\/www.iescristobaldemonroy.es\/wordpress\/wp-json\/wp\/v2\/comments?post=168"}],"version-history":[{"count":6,"href":"https:\/\/www.iescristobaldemonroy.es\/wordpress\/wp-json\/wp\/v2\/pages\/168\/revisions"}],"predecessor-version":[{"id":2831,"href":"https:\/\/www.iescristobaldemonroy.es\/wordpress\/wp-json\/wp\/v2\/pages\/168\/revisions\/2831"}],"wp:attachment":[{"href":"https:\/\/www.iescristobaldemonroy.es\/wordpress\/wp-json\/wp\/v2\/media?parent=168"}],"curies":[{"name":"wp","href":"https:\/\/api.w.org\/{rel}","templated":true}]}}