{"id":174,"date":"2017-09-29T22:12:15","date_gmt":"2017-09-29T22:12:15","guid":{"rendered":"http:\/\/www.iescristobaldemonroy.es\/wordpress\/?page_id=174"},"modified":"2019-11-09T10:32:49","modified_gmt":"2019-11-09T10:32:49","slug":"contacto-2","status":"publish","type":"page","link":"https:\/\/www.iescristobaldemonroy.es\/wordpress\/contacto-2\/","title":{"rendered":"Contacto"},"content":{"rendered":"\n<p>Avenida de la Constituci\u00f3n, s\/n<br>41500 Alcal\u00e1 de Guada\u00edra (Sevilla &#8211; Espa\u00f1a) <\/p>\n\n\n\n<hr class=\"wp-block-separator\"\/>\n\n\n\n<p style=\"text-align:left\">Tel\u00e9fono: 954 100 911<br>Fax:  954 102 255 <\/p>\n\n\n\n<hr class=\"wp-block-separator\"\/>\n\n\n<p>Correo electr\u00f3nico:<span style=\"color: #333399;\"> <a style=\"color: #333399;\" href=\"mailto:41000272.edu@juntadeandalucia.es\">41000272.edu@juntadeandalucia.es<\/a><\/span><\/p>\n<p>Twitter: <span style=\"color: #333399;\">@ies_monroy<\/span><\/p>\n\n\n<p><\/p>\n","protected":false},"excerpt":{"rendered":"<p>Avenida de la Constituci\u00f3n, s\/n41500 Alcal\u00e1 de Guada\u00edra (Sevilla &#8211; Espa\u00f1a) Tel\u00e9fono: 954 100 911Fax: 954 102 255 Correo electr\u00f3nico: 41000272.edu@juntadeandalucia.es Twitter: @ies_monroy<\/p>\n","protected":false},"author":1,"featured_media":0,"parent":0,"menu_order":3,"comment_status":"closed","ping_status":"closed","template":"","meta":{"ngg_post_thumbnail":0,"footnotes":""},"class_list":["post-174","page","type-page","status-publish","hentry"],"_links":{"self":[{"href":"https:\/\/www.iescristobaldemonroy.es\/wordpress\/wp-json\/wp\/v2\/pages\/174","targetHints":{"allow":["GET"]}}],"collection":[{"href":"https:\/\/www.iescristobaldemonroy.es\/wordpress\/wp-json\/wp\/v2\/pages"}],"about":[{"href":"https:\/\/www.iescristobaldemonroy.es\/wordpress\/wp-json\/wp\/v2\/types\/page"}],"author":[{"embeddable":true,"href":"https:\/\/www.iescristobaldemonroy.es\/wordpress\/wp-json\/wp\/v2\/users\/1"}],"replies":[{"embeddable":true,"href":"https:\/\/www.iescristobaldemonroy.es\/wordpress\/wp-json\/wp\/v2\/comments?post=174"}],"version-history":[{"count":5,"href":"https:\/\/www.iescristobaldemonroy.es\/wordpress\/wp-json\/wp\/v2\/pages\/174\/revisions"}],"predecessor-version":[{"id":2768,"href":"https:\/\/www.iescristobaldemonroy.es\/wordpress\/wp-json\/wp\/v2\/pages\/174\/revisions\/2768"}],"wp:attachment":[{"href":"https:\/\/www.iescristobaldemonroy.es\/wordpress\/wp-json\/wp\/v2\/media?parent=174"}],"curies":[{"name":"wp","href":"https:\/\/api.w.org\/{rel}","templated":true}]}}