{"id":3025,"date":"2019-11-19T16:41:09","date_gmt":"2019-11-19T16:41:09","guid":{"rendered":"http:\/\/www.iescristobaldemonroy.es\/wordpress\/?page_id=3025"},"modified":"2019-11-21T07:34:51","modified_gmt":"2019-11-21T07:34:51","slug":"nuestro-centro-2","status":"publish","type":"page","link":"https:\/\/www.iescristobaldemonroy.es\/wordpress\/nuestro-centro-2\/","title":{"rendered":"Nuestro centro"},"content":{"rendered":"<p>El I.E.S. Crist\u00f3bal de Monroy nace en el a\u00f1o de 1968 como Instituto Nacional de Ense\u00f1anzas Medias Crist\u00f3bal de Monroy, recuperando el nombre de un dramaturgo alcalare\u00f1o del siglo XVII, en ese momento muy poco conocido en su propio pueblo. Hasta ese momento cualquier alcalare\u00f1o que deseara cursar estudios de Bachillerato deb\u00eda hacerlo en un centro privado o bien trasladarse a otras localidades en el caso de que optara por un centro p\u00fablico. <\/p>\n<p>El entonces Instituto Nacional de Ense\u00f1anzas Medias Crist\u00f3bal de Monroy fue la primera oportunidad que tuvieron los ciudadanos de Alcal\u00e1 de seguir estudios de secundaria en un centro p\u00fablico. Su entrada en funcionamiento fue un aut\u00e9ntico revulsivo para la sociedad alcalare\u00f1a, como centro de irradiaci\u00f3n cultural tanto en la ense\u00f1anza reglada como en las actividades culturales. En sus instalaciones (aulas, sal\u00f3n de actos, etc&#8230;), no s\u00f3lo se han presentado espect\u00e1culos teatrales y de flamenco, recitales po\u00e9ticos, conferencias, debates, conciertos, etc&#8230;, organizados desde y para la comunidad escolar, sino que ha tenido una gran importancia en el \u00e1mbito cultural de la ciudad. <\/p>\n<p>El auge inmobiliario ha motivado que de ser un edificio casi aislado del pueblo, se convierta hoy d\u00eda en parte definitoria de la barriada que lo rodea y que com\u00fanmente se conoce como \u201cBarriada del Instituto\u201d. <\/p>\n<p>En la actualidad, fundamentalmente en las ense\u00f1anzas de adultos, sigue siendo importante la afluencia de alumnos y alumnas procedentes, tanto de Alcal\u00e1 como de la comarca de Los Alcores para la Educaci\u00f3n Secundaria de Personas Adultas y para el Bachillerato.<\/p>\n<p>En el curso escolar 1995-96 en el instituto se acometi\u00f3 una remodelaci\u00f3n para adaptar el edificio a las necesidades del sistema educativo de aquel momento (L.O.G.S.E.). As\u00ed, sus instalaciones la integran el antiguo edificio principal remodelado, junto a la ampliaci\u00f3n de un edificio anexo del a\u00f1o 2004. <\/p>\n<p>La \u00faltima remodelaci\u00f3n de espacios ha sido en el curso 2018-19, en el que la reconversi\u00f3n de la antigua vivienda del conserje ha permitido ampliar el n\u00famero de aulas.<\/p>\n<p>Otro de los rasgos identificatorio del instituto Crist\u00f3bal de Monroy es su horario de funcionamiento, abierto desde las 8:00 hasta las 23:00, que permite, por un lado, una flexibilidad para la gesti\u00f3n y organizaci\u00f3n de la diversidad de actividades que lleva intr\u00ednseca la actividad docente (reuniones con familias, de equipos docentes, actividades complementarias, grupos de trabajo, etc.). Por otro, el uso de unas instalaciones p\u00fablicas a otras instituciones y organismos: escuelas deportivas municipales, Aula de Mayores de la Universidad Pablo de Olavide, entre otras. De esta forma contin\u00faa siendo una se\u00f1a de identidad desde sus or\u00edgenes el servicio a la comunidad que lleva prestando desde hace ya m\u00e1s de 50 a\u00f1os.<\/p>\n","protected":false},"excerpt":{"rendered":"<p>El I.E.S. Crist\u00f3bal de Monroy nace en el a\u00f1o de 1968 como Instituto Nacional de Ense\u00f1anzas Medias Crist\u00f3bal de Monroy, recuperando el nombre de un dramaturgo alcalare\u00f1o del siglo XVII, en ese momento muy poco conocido en su propio pueblo. Hasta ese momento cualquier alcalare\u00f1o que deseara cursar estudios de Bachillerato deb\u00eda hacerlo en un centro privado o bien trasladarse a otras localidades en el caso de que optara por un centro p\u00fablico. El entonces Instituto Nacional de Ense\u00f1anzas Medias Crist\u00f3bal de Monroy fue la primera oportunidad que tuvieron los ciudadanos de Alcal\u00e1 de seguir estudios de secundaria en un centro p\u00fablico. Su entrada en funcionamiento fue un aut\u00e9ntico revulsivo para la sociedad alcalare\u00f1a, como centro de irradiaci\u00f3n cultural tanto en la ense\u00f1anza reglada como en las actividades culturales. En sus instalaciones (aulas, sal\u00f3n de actos, etc&#8230;), no s\u00f3lo se han presentado espect\u00e1culos teatrales y de flamenco, recitales po\u00e9ticos, conferencias, debates, conciertos, etc&#8230;, organizados desde y para la comunidad escolar, sino que ha tenido una gran importancia en el \u00e1mbito cultural de la ciudad. El auge inmobiliario ha motivado que de ser un edificio casi aislado del pueblo, se convierta hoy d\u00eda en parte definitoria de la barriada que lo rodea y que com\u00fanmente se conoce como \u201cBarriada del Instituto\u201d. En la actualidad, fundamentalmente en las ense\u00f1anzas de adultos, sigue siendo importante la afluencia de alumnos y alumnas procedentes, tanto de Alcal\u00e1 como de la comarca de Los Alcores para la Educaci\u00f3n Secundaria de Personas Adultas y para el Bachillerato. En el curso escolar 1995-96 en el instituto se acometi\u00f3 una remodelaci\u00f3n para adaptar el edificio a las necesidades del sistema educativo de aquel momento (L.O.G.S.E.). As\u00ed, sus instalaciones la integran el antiguo edificio principal remodelado, junto a la ampliaci\u00f3n de un edificio anexo del a\u00f1o 2004. La \u00faltima remodelaci\u00f3n de espacios ha sido en el curso 2018-19, en el que la reconversi\u00f3n de la antigua vivienda del conserje ha permitido ampliar el n\u00famero de aulas. Otro de los rasgos identificatorio del instituto Crist\u00f3bal de Monroy es su horario de funcionamiento, abierto desde las 8:00 hasta las 23:00, que permite, por un lado, una flexibilidad para la gesti\u00f3n y organizaci\u00f3n de la diversidad de actividades que lleva intr\u00ednseca la actividad docente (reuniones con familias, de equipos docentes, actividades complementarias, grupos de trabajo, etc.). Por otro, el uso de unas instalaciones p\u00fablicas a otras instituciones y organismos: escuelas deportivas municipales, Aula de Mayores de la Universidad Pablo de Olavide, entre otras. De esta forma contin\u00faa siendo una se\u00f1a de identidad desde sus or\u00edgenes el servicio a la comunidad que lleva prestando desde hace ya m\u00e1s de 50 a\u00f1os.<\/p>\n","protected":false},"author":1,"featured_media":0,"parent":0,"menu_order":0,"comment_status":"closed","ping_status":"closed","template":"","meta":{"ngg_post_thumbnail":0,"footnotes":""},"class_list":["post-3025","page","type-page","status-publish","hentry"],"_links":{"self":[{"href":"https:\/\/www.iescristobaldemonroy.es\/wordpress\/wp-json\/wp\/v2\/pages\/3025","targetHints":{"allow":["GET"]}}],"collection":[{"href":"https:\/\/www.iescristobaldemonroy.es\/wordpress\/wp-json\/wp\/v2\/pages"}],"about":[{"href":"https:\/\/www.iescristobaldemonroy.es\/wordpress\/wp-json\/wp\/v2\/types\/page"}],"author":[{"embeddable":true,"href":"https:\/\/www.iescristobaldemonroy.es\/wordpress\/wp-json\/wp\/v2\/users\/1"}],"replies":[{"embeddable":true,"href":"https:\/\/www.iescristobaldemonroy.es\/wordpress\/wp-json\/wp\/v2\/comments?post=3025"}],"version-history":[{"count":3,"href":"https:\/\/www.iescristobaldemonroy.es\/wordpress\/wp-json\/wp\/v2\/pages\/3025\/revisions"}],"predecessor-version":[{"id":3053,"href":"https:\/\/www.iescristobaldemonroy.es\/wordpress\/wp-json\/wp\/v2\/pages\/3025\/revisions\/3053"}],"wp:attachment":[{"href":"https:\/\/www.iescristobaldemonroy.es\/wordpress\/wp-json\/wp\/v2\/media?parent=3025"}],"curies":[{"name":"wp","href":"https:\/\/api.w.org\/{rel}","templated":true}]}}