{"id":3442,"date":"2020-02-11T22:12:19","date_gmt":"2020-02-11T22:12:19","guid":{"rendered":"http:\/\/www.iescristobaldemonroy.es\/wordpress\/?page_id=3442"},"modified":"2025-01-13T09:28:00","modified_gmt":"2025-01-13T09:28:00","slug":"miembros-ampa","status":"publish","type":"page","link":"https:\/\/www.iescristobaldemonroy.es\/wordpress\/miembros-ampa\/","title":{"rendered":"Miembros AMPA"},"content":{"rendered":"<p>La Asociaci\u00f3n de Madres y Padres de Alumnos Manuel Rodr\u00edguez de Almansa est\u00e1 compuesta por los siguientes miembros:<\/p>\n<p>&nbsp;<\/p>\n<table style=\"border-collapse: collapse; width: 100%; height: 92px;\">\n<tbody>\n<tr style=\"height: 24px;\">\n<td style=\"width: 36.0943%; height: 24px;\"><span style=\"color: #000080;\">Presidente<\/span><\/td>\n<td style=\"width: 63.9057%; height: 24px;\">D. Jos\u00e9 Luis Ruiz<\/td>\n<\/tr>\n<tr style=\"height: 24px;\">\n<td style=\"width: 36.0943%; height: 24px;\"><span style=\"color: #000080;\">Tesorera<\/span><\/td>\n<td style=\"width: 63.9057%; height: 24px;\">D\u00aa. Irene Fuentes<\/td>\n<\/tr>\n<tr style=\"height: 24px;\">\n<td style=\"width: 36.0943%; height: 24px;\"><span style=\"color: #000080;\">Secretaria<\/span><\/td>\n<td style=\"width: 63.9057%; height: 24px;\">D\u00aa. Roc\u00edo Ramos<\/td>\n<\/tr>\n<tr style=\"height: 24px;\">\n<td style=\"width: 36.0943%; height: 20px;\" rowspan=\"5\"><span style=\"color: #000080;\">Vocales<\/span><span style=\"color: #000080;\"><br \/>\n<\/span><span style=\"color: #000080;\"><br \/>\n<\/span><\/td>\n<td style=\"width: 63.9057%; height: 10px;\">D\u00aa. Abril Castillo<\/td>\n<\/tr>\n<tr style=\"height: 24px;\">\n<td style=\"width: 63.9057%; height: 10px;\">D. Ra\u00fal P\u00e9rez<\/td>\n<\/tr>\n<\/tbody>\n<\/table>\n<p>&nbsp;<\/p>\n","protected":false},"excerpt":{"rendered":"<p>La Asociaci\u00f3n de Madres y Padres de Alumnos Manuel Rodr\u00edguez de Almansa est\u00e1 compuesta por los siguientes miembros: &nbsp; Presidente D. Jos\u00e9 Luis Ruiz Tesorera D\u00aa. Irene Fuentes Secretaria D\u00aa. Roc\u00edo Ramos Vocales D\u00aa. Abril Castillo D. Ra\u00fal P\u00e9rez &nbsp;<\/p>\n","protected":false},"author":1,"featured_media":0,"parent":0,"menu_order":0,"comment_status":"closed","ping_status":"closed","template":"","meta":{"ngg_post_thumbnail":0,"footnotes":""},"class_list":["post-3442","page","type-page","status-publish","hentry"],"_links":{"self":[{"href":"https:\/\/www.iescristobaldemonroy.es\/wordpress\/wp-json\/wp\/v2\/pages\/3442","targetHints":{"allow":["GET"]}}],"collection":[{"href":"https:\/\/www.iescristobaldemonroy.es\/wordpress\/wp-json\/wp\/v2\/pages"}],"about":[{"href":"https:\/\/www.iescristobaldemonroy.es\/wordpress\/wp-json\/wp\/v2\/types\/page"}],"author":[{"embeddable":true,"href":"https:\/\/www.iescristobaldemonroy.es\/wordpress\/wp-json\/wp\/v2\/users\/1"}],"replies":[{"embeddable":true,"href":"https:\/\/www.iescristobaldemonroy.es\/wordpress\/wp-json\/wp\/v2\/comments?post=3442"}],"version-history":[{"count":7,"href":"https:\/\/www.iescristobaldemonroy.es\/wordpress\/wp-json\/wp\/v2\/pages\/3442\/revisions"}],"predecessor-version":[{"id":9437,"href":"https:\/\/www.iescristobaldemonroy.es\/wordpress\/wp-json\/wp\/v2\/pages\/3442\/revisions\/9437"}],"wp:attachment":[{"href":"https:\/\/www.iescristobaldemonroy.es\/wordpress\/wp-json\/wp\/v2\/media?parent=3442"}],"curies":[{"name":"wp","href":"https:\/\/api.w.org\/{rel}","templated":true}]}}