{"id":3445,"date":"2020-02-11T22:16:58","date_gmt":"2020-02-11T22:16:58","guid":{"rendered":"http:\/\/www.iescristobaldemonroy.es\/wordpress\/?page_id=3445"},"modified":"2025-01-13T09:24:01","modified_gmt":"2025-01-13T09:24:01","slug":"datos-de-contacto-ampa","status":"publish","type":"page","link":"https:\/\/www.iescristobaldemonroy.es\/wordpress\/datos-de-contacto-ampa\/","title":{"rendered":"Datos de contacto AMPA"},"content":{"rendered":"<p>&nbsp;<\/p>\n<table style=\"border-collapse: collapse; width: 100%; height: 134px;\">\n<tbody>\n<tr style=\"height: 43px;\">\n<td style=\"width: 30.3626%; height: 43px;\"><span style=\"color: #000080;\">Correo electr\u00f3nico<\/span><\/td>\n<td style=\"width: 69.6374%; height: 43px;\"><strong>ampa.manuelra@gmail.com<\/strong><\/td>\n<\/tr>\n<tr style=\"height: 43px;\">\n<td style=\"width: 100%; height: 43px;\" colspan=\"2\"><span style=\"color: #000080;\">Tel\u00e9fono<\/span><\/td>\n<\/tr>\n<tr style=\"height: 24px;\">\n<td style=\"width: 30.3626%; height: 24px;\">D. Jos\u00e9 Luis Ruiz (Presidente)<\/td>\n<td style=\"width: 69.6374%; height: 24px;\"><strong>661 42 53 22<\/strong><\/td>\n<\/tr>\n<\/tbody>\n<\/table>\n<div>&nbsp;<\/div>\n","protected":false},"excerpt":{"rendered":"<p>&nbsp; Correo electr\u00f3nico ampa.manuelra@gmail.com Tel\u00e9fono D. Jos\u00e9 Luis Ruiz (Presidente) 661 42 53 22 &nbsp;<\/p>\n","protected":false},"author":1,"featured_media":0,"parent":0,"menu_order":0,"comment_status":"closed","ping_status":"closed","template":"","meta":{"ngg_post_thumbnail":0,"footnotes":""},"class_list":["post-3445","page","type-page","status-publish","hentry"],"_links":{"self":[{"href":"https:\/\/www.iescristobaldemonroy.es\/wordpress\/wp-json\/wp\/v2\/pages\/3445","targetHints":{"allow":["GET"]}}],"collection":[{"href":"https:\/\/www.iescristobaldemonroy.es\/wordpress\/wp-json\/wp\/v2\/pages"}],"about":[{"href":"https:\/\/www.iescristobaldemonroy.es\/wordpress\/wp-json\/wp\/v2\/types\/page"}],"author":[{"embeddable":true,"href":"https:\/\/www.iescristobaldemonroy.es\/wordpress\/wp-json\/wp\/v2\/users\/1"}],"replies":[{"embeddable":true,"href":"https:\/\/www.iescristobaldemonroy.es\/wordpress\/wp-json\/wp\/v2\/comments?post=3445"}],"version-history":[{"count":11,"href":"https:\/\/www.iescristobaldemonroy.es\/wordpress\/wp-json\/wp\/v2\/pages\/3445\/revisions"}],"predecessor-version":[{"id":9435,"href":"https:\/\/www.iescristobaldemonroy.es\/wordpress\/wp-json\/wp\/v2\/pages\/3445\/revisions\/9435"}],"wp:attachment":[{"href":"https:\/\/www.iescristobaldemonroy.es\/wordpress\/wp-json\/wp\/v2\/media?parent=3445"}],"curies":[{"name":"wp","href":"https:\/\/api.w.org\/{rel}","templated":true}]}}