{"id":3928,"date":"2020-04-16T13:51:46","date_gmt":"2020-04-16T13:51:46","guid":{"rendered":"http:\/\/www.iescristobaldemonroy.es\/wordpress\/?page_id=3928"},"modified":"2020-06-05T16:09:35","modified_gmt":"2020-06-05T16:09:35","slug":"fct-y-fp-dual","status":"publish","type":"page","link":"https:\/\/www.iescristobaldemonroy.es\/wordpress\/fct-y-fp-dual\/","title":{"rendered":"FCT y FP Dual"},"content":{"rendered":"<p><span style=\"font-weight: 400;\">La FCT y FP Dual se han visto afectadas por la situaci\u00f3n del COVID-19, con la flexibilizaci\u00f3n de las pr\u00e1cticas en empresas.<\/span><\/p>\n<p>Se puede acceder a m\u00e1s informaci\u00f3n en los siguientes enlaces:<\/p>\n<ul>\n<li><a href=\"http:\/\/www.juntadeandalucia.es\/educacion\/portals\/delegate\/content\/dcc66b50-893a-4b0c-b3c2-9b622eec0803\/Instrucciones%20para%20la%20realizaci%C3%B3n%20del%20m%C3%B3dulo%20de%20FCT%20y%20proyectos%20de%20FP%20Dual\" target=\"_blank\" rel=\"noopener noreferrer\">Resoluci\u00f3n de 12 de marzo de 2020<\/a><\/li>\n<li><a href=\"http:\/\/www.juntadeandalucia.es\/educacion\/portals\/delegate\/content\/dcc66b50-893a-4b0c-b3c2-9b622eec0803\/Instrucciones%20para%20la%20realizaci%C3%B3n%20del%20m%C3%B3dulo%20de%20FCT%20y%20proyectos%20de%20FP%20Dual\" target=\"_blank\" rel=\"noopener noreferrer\">Instrucciones de 13 de marzo de 2020<\/a><\/li>\n<li><a href=\"http:\/\/www.juntadeandalucia.es\/educacion\/portals\/delegate\/content\/fea8911a-52ca-4461-a9f4-0726bc50b8a1\/Instrucci%C3%B3n%20sobre%20el%20desarrollo%20y%20seguimiento%20de%20los%20m%C3%B3dulos%20de%20FCT,%20pr%C3%A1cticas%20externas%20y%20FP%20Dual\" target=\"_blank\" rel=\"noopener noreferrer\">Instrucciones de 27 de marzo de 2020<\/a><\/li>\n<li><a href=\"http:\/\/www.juntadeandalucia.es\/educacion\/portals\/delegate\/content\/40ca407e-1498-4199-8034-36f45f604073\/Circular%20de%203%20de%20abril%20de%202020%20-%20Aspectos%20de%20la%20evaluaci%C3%B3n%20para%20garantizar%20la%20continuidad%20formativa%20del%20alumnado%20de%20FP\" target=\"_blank\" rel=\"noopener noreferrer\">Circular de 3 de abril de 2020<\/a><\/li>\n<\/ul>\n<p><span style=\"font-size: 14pt;\"><strong>\u00daltima informaci\u00f3n relativa a las medidas educativas a adoptar en el tercer Trimestre del curso actual y a la FCT:<\/strong><\/span><\/p>\n<ul>\n<li><a href=\"http:\/\/www.juntadeandalucia.es\/educacion\/portals\/delegate\/content\/6a6196bc-5c46-47da-9927-c245cb5ab709\/Instrucci%C3%B3n%20de%2023%20de%20abril%20de%202020%20de%20la%20Viceconsejer%C3%ADa%20de%20Educaci%C3%B3n%20y%20Deporte,%20relativa%20a%20las%20medidas%20educativas%20a%20adoptar%20en%20el%20tercer%20trimestre%20del%20curso%202019\/2020\" target=\"_blank\" rel=\"noopener noreferrer\">Instrucciones de 23 de abril de 2020<\/a><\/li>\n<li><a href=\"http:\/\/www.juntadeandalucia.es\/educacion\/portals\/delegate\/content\/2897ea05-baa9-4c02-be9f-e26e19d559fe\/Resoluci%C3%B3n%20de%2024%20de%20abril%20de%202020,%20de%20la%20Secretar%C3%ADa%20General%20de%20Educaci%C3%B3n%20y%20Formaci%C3%B3n%20Profesional\" target=\"_blank\" rel=\"noopener noreferrer\">Resoluci\u00f3n de 24 de abril de 2020<\/a><\/li>\n<\/ul>\n<p>Se puede acceder a m\u00e1s informaci\u00f3n en el siguiente enlace: <a href=\"http:\/\/www.juntadeandalucia.es\/educacion\/portals\/web\/formacion-profesional-andaluza\/estudiante\/fct\/faq-covid-19\" target=\"_blank\" rel=\"noopener noreferrer\">Preguntas y Respuestas sobre ense\u00f1anzas de Formaci\u00f3n Profesional.<\/a><\/p>\n","protected":false},"excerpt":{"rendered":"<p>La FCT y FP Dual se han visto afectadas por la situaci\u00f3n del COVID-19, con la flexibilizaci\u00f3n de las pr\u00e1cticas en empresas. Se puede acceder a m\u00e1s informaci\u00f3n en los siguientes enlaces: Resoluci\u00f3n de 12 de marzo de 2020 Instrucciones de 13 de marzo de 2020 Instrucciones de 27 de marzo de 2020 Circular de 3 de abril de 2020 \u00daltima informaci\u00f3n relativa a las medidas educativas a adoptar en el tercer Trimestre del curso actual y a la FCT: Instrucciones de 23 de abril de 2020 Resoluci\u00f3n de 24 de abril de 2020 Se puede acceder a m\u00e1s informaci\u00f3n en el siguiente enlace: Preguntas y Respuestas sobre ense\u00f1anzas de Formaci\u00f3n Profesional.<\/p>\n","protected":false},"author":1,"featured_media":0,"parent":0,"menu_order":0,"comment_status":"closed","ping_status":"closed","template":"","meta":{"ngg_post_thumbnail":0,"footnotes":""},"class_list":["post-3928","page","type-page","status-publish","hentry"],"_links":{"self":[{"href":"https:\/\/www.iescristobaldemonroy.es\/wordpress\/wp-json\/wp\/v2\/pages\/3928","targetHints":{"allow":["GET"]}}],"collection":[{"href":"https:\/\/www.iescristobaldemonroy.es\/wordpress\/wp-json\/wp\/v2\/pages"}],"about":[{"href":"https:\/\/www.iescristobaldemonroy.es\/wordpress\/wp-json\/wp\/v2\/types\/page"}],"author":[{"embeddable":true,"href":"https:\/\/www.iescristobaldemonroy.es\/wordpress\/wp-json\/wp\/v2\/users\/1"}],"replies":[{"embeddable":true,"href":"https:\/\/www.iescristobaldemonroy.es\/wordpress\/wp-json\/wp\/v2\/comments?post=3928"}],"version-history":[{"count":6,"href":"https:\/\/www.iescristobaldemonroy.es\/wordpress\/wp-json\/wp\/v2\/pages\/3928\/revisions"}],"predecessor-version":[{"id":4311,"href":"https:\/\/www.iescristobaldemonroy.es\/wordpress\/wp-json\/wp\/v2\/pages\/3928\/revisions\/4311"}],"wp:attachment":[{"href":"https:\/\/www.iescristobaldemonroy.es\/wordpress\/wp-json\/wp\/v2\/media?parent=3928"}],"curies":[{"name":"wp","href":"https:\/\/api.w.org\/{rel}","templated":true}]}}