{"id":3937,"date":"2020-04-16T14:31:37","date_gmt":"2020-04-16T14:31:37","guid":{"rendered":"http:\/\/www.iescristobaldemonroy.es\/wordpress\/?page_id=3937"},"modified":"2022-05-30T12:49:24","modified_gmt":"2022-05-30T12:49:24","slug":"contacto-con-el-departamento-de-orientacion","status":"publish","type":"page","link":"https:\/\/www.iescristobaldemonroy.es\/wordpress\/contacto-con-el-departamento-de-orientacion\/","title":{"rendered":"Contacto con el Departamento de Orientaci\u00f3n"},"content":{"rendered":"<p><strong>Si eres alumno\/a de nuestro centro<\/strong> y necesitas ponerte en contacto con las orientadoras, estos son sus datos:<\/p>\n<table style=\"border-collapse: collapse; width: 69.4713%; height: 138px;\">\n<tbody>\n<tr style=\"height: 23px;\">\n<td style=\"width: 36.1651%; height: 23px;\" colspan=\"2\"><strong>Elena Armario Rodr\u00edguez<\/strong><\/td>\n<\/tr>\n<tr style=\"height: 46px;\">\n<td style=\"width: 16.143%; height: 46px;\">Niveles<\/td>\n<td style=\"width: 20.0221%; height: 46px;\">1\u00ba y 3\u00ba ESO<br \/>\nEducaci\u00f3n de Adultos<\/td>\n<\/tr>\n<tr style=\"height: 23px;\">\n<td style=\"width: 16.143%; height: 23px;\">Tel\u00e9fono<\/td>\n<td style=\"width: 20.0221%; height: 23px;\">954 100 955<\/td>\n<\/tr>\n<\/tbody>\n<\/table>\n<p>&nbsp;<\/p>\n<table style=\"border-collapse: collapse; width: 69.4713%; height: 138px;\">\n<tbody>\n<tr style=\"height: 23px;\">\n<td style=\"width: 36.1651%; height: 23px;\" colspan=\"2\"><strong>Cristina Gonz\u00e1lez del Tell<\/strong><\/td>\n<\/tr>\n<tr style=\"height: 46px;\">\n<td style=\"width: 15.525%; height: 46px;\">Niveles<\/td>\n<td style=\"width: 20.6401%; height: 46px;\">2\u00ba y 4\u00ba ESO<br \/>\nBachilleratos Diurnos<br \/>\nCiclos Formativos Diurnos<\/td>\n<\/tr>\n<tr style=\"height: 23px;\">\n<td style=\"width: 15.525%; height: 23px;\">Tel\u00e9fono<\/td>\n<td style=\"width: 20.6401%; height: 23px;\">954 100 955<\/td>\n<\/tr>\n<\/tbody>\n<\/table>\n","protected":false},"excerpt":{"rendered":"<p>Si eres alumno\/a de nuestro centro y necesitas ponerte en contacto con las orientadoras, estos son sus datos: Elena Armario Rodr\u00edguez Niveles 1\u00ba y 3\u00ba ESO Educaci\u00f3n de Adultos Tel\u00e9fono 954 100 955 &nbsp; Cristina Gonz\u00e1lez del Tell Niveles 2\u00ba y 4\u00ba ESO Bachilleratos Diurnos Ciclos Formativos Diurnos Tel\u00e9fono 954 100 955<\/p>\n","protected":false},"author":1,"featured_media":0,"parent":0,"menu_order":0,"comment_status":"closed","ping_status":"closed","template":"","meta":{"ngg_post_thumbnail":0,"footnotes":""},"class_list":["post-3937","page","type-page","status-publish","hentry"],"_links":{"self":[{"href":"https:\/\/www.iescristobaldemonroy.es\/wordpress\/wp-json\/wp\/v2\/pages\/3937","targetHints":{"allow":["GET"]}}],"collection":[{"href":"https:\/\/www.iescristobaldemonroy.es\/wordpress\/wp-json\/wp\/v2\/pages"}],"about":[{"href":"https:\/\/www.iescristobaldemonroy.es\/wordpress\/wp-json\/wp\/v2\/types\/page"}],"author":[{"embeddable":true,"href":"https:\/\/www.iescristobaldemonroy.es\/wordpress\/wp-json\/wp\/v2\/users\/1"}],"replies":[{"embeddable":true,"href":"https:\/\/www.iescristobaldemonroy.es\/wordpress\/wp-json\/wp\/v2\/comments?post=3937"}],"version-history":[{"count":9,"href":"https:\/\/www.iescristobaldemonroy.es\/wordpress\/wp-json\/wp\/v2\/pages\/3937\/revisions"}],"predecessor-version":[{"id":6471,"href":"https:\/\/www.iescristobaldemonroy.es\/wordpress\/wp-json\/wp\/v2\/pages\/3937\/revisions\/6471"}],"wp:attachment":[{"href":"https:\/\/www.iescristobaldemonroy.es\/wordpress\/wp-json\/wp\/v2\/media?parent=3937"}],"curies":[{"name":"wp","href":"https:\/\/api.w.org\/{rel}","templated":true}]}}