{"id":4602,"date":"2020-11-03T12:01:42","date_gmt":"2020-11-03T12:01:42","guid":{"rendered":"http:\/\/www.iescristobaldemonroy.es\/wordpress\/?page_id=4602"},"modified":"2022-10-12T09:34:23","modified_gmt":"2022-10-12T09:34:23","slug":"area-del-profesorado","status":"publish","type":"page","link":"https:\/\/www.iescristobaldemonroy.es\/wordpress\/area-del-profesorado\/","title":{"rendered":"\u00c1rea del Profesorado"},"content":{"rendered":"<p>\u00c1rea reservada para el profesorado del centro, en la que se dispondr\u00e1 de documentaci\u00f3n relacionada con la actividad docente (modelos de actas, &#8230;) as\u00ed como la necesaria para cualquier tr\u00e1mite administrativo (ausencias, &#8230;).&nbsp;<\/p>\n<p>Podr\u00e1s acceder al \u00e1rea del profesorado siguiendo el siguiente enlace y facilitando los <span style=\"color: #ff0000;\"><strong>datos de tu correo corporativo del centro<\/strong>.<\/span><\/p>\n<p>&nbsp;<\/p>\n<p style=\"text-align: center;\"><strong><span style=\"font-size: 18pt;\"><a href=\"https:\/\/drive.google.com\/drive\/folders\/1041h9Cm31qFWaWQTPGWDqczJeop031Z7?usp=sharing\" target=\"_blank\" rel=\"noopener noreferrer\">Acceso al \u00c1rea del Profesorado<\/a><\/span><\/strong><\/p>\n","protected":false},"excerpt":{"rendered":"<p>\u00c1rea reservada para el profesorado del centro, en la que se dispondr\u00e1 de documentaci\u00f3n relacionada con la actividad docente (modelos de actas, &#8230;) as\u00ed como la necesaria para cualquier tr\u00e1mite administrativo (ausencias, &#8230;).&nbsp; Podr\u00e1s acceder al \u00e1rea del profesorado siguiendo el siguiente enlace y facilitando los datos de tu correo corporativo del centro. &nbsp; Acceso al \u00c1rea del Profesorado<\/p>\n","protected":false},"author":1,"featured_media":0,"parent":0,"menu_order":0,"comment_status":"closed","ping_status":"closed","template":"","meta":{"ngg_post_thumbnail":0,"footnotes":""},"class_list":["post-4602","page","type-page","status-publish","hentry"],"_links":{"self":[{"href":"https:\/\/www.iescristobaldemonroy.es\/wordpress\/wp-json\/wp\/v2\/pages\/4602","targetHints":{"allow":["GET"]}}],"collection":[{"href":"https:\/\/www.iescristobaldemonroy.es\/wordpress\/wp-json\/wp\/v2\/pages"}],"about":[{"href":"https:\/\/www.iescristobaldemonroy.es\/wordpress\/wp-json\/wp\/v2\/types\/page"}],"author":[{"embeddable":true,"href":"https:\/\/www.iescristobaldemonroy.es\/wordpress\/wp-json\/wp\/v2\/users\/1"}],"replies":[{"embeddable":true,"href":"https:\/\/www.iescristobaldemonroy.es\/wordpress\/wp-json\/wp\/v2\/comments?post=4602"}],"version-history":[{"count":6,"href":"https:\/\/www.iescristobaldemonroy.es\/wordpress\/wp-json\/wp\/v2\/pages\/4602\/revisions"}],"predecessor-version":[{"id":6934,"href":"https:\/\/www.iescristobaldemonroy.es\/wordpress\/wp-json\/wp\/v2\/pages\/4602\/revisions\/6934"}],"wp:attachment":[{"href":"https:\/\/www.iescristobaldemonroy.es\/wordpress\/wp-json\/wp\/v2\/media?parent=4602"}],"curies":[{"name":"wp","href":"https:\/\/api.w.org\/{rel}","templated":true}]}}