{"id":4910,"date":"2021-05-28T10:19:07","date_gmt":"2021-05-28T10:19:07","guid":{"rendered":"http:\/\/www.iescristobaldemonroy.es\/wordpress\/?page_id=4910"},"modified":"2021-05-28T10:19:07","modified_gmt":"2021-05-28T10:19:07","slug":"nuestro-programa-de-transito","status":"publish","type":"page","link":"https:\/\/www.iescristobaldemonroy.es\/wordpress\/nuestro-programa-de-transito\/","title":{"rendered":"Nuestro Programa de Tr\u00e1nsito"},"content":{"rendered":"<style>.wp-show-posts-columns#wpsp-5167 {margin-left: -2em; }.wp-show-posts-columns#wpsp-5167 .wp-show-posts-inner {margin: 0 0 2em 2em; }<\/style><section id=\"wpsp-5167\" class=\" wp-show-posts-columns wp-show-posts\" style=\"\"><article class=\" wp-show-posts-single post-6422 post type-post status-publish format-standard has-post-thumbnail hentry category-programa-de-transito wpsp-col-6\" itemtype=\"http:\/\/schema.org\/CreativeWork\" itemscope><div class=\"wp-show-posts-inner\" style=\"\">\t\t\t\t\t\t<header class=\"wp-show-posts-entry-header\">\n\t\t\t\t\t\t\t<h2 class=\"wp-show-posts-entry-title\" itemprop=\"headline\"><a href=\"https:\/\/www.iescristobaldemonroy.es\/wordpress\/2022\/05\/18\/dia-escolar-de-las-matematicas\/\" rel=\"bookmark\">D\u00eda escolar de las Matem\u00e1ticas<\/a><\/h2><div class=\"wp-show-posts-entry-meta wp-show-posts-entry-meta-below-title post-meta-inline\"><span class=\"wp-show-posts-posted-on wp-show-posts-meta\">\n\t\t\t\t\t<a href=\"https:\/\/www.iescristobaldemonroy.es\/wordpress\/2022\/05\/18\/dia-escolar-de-las-matematicas\/\" title=\"1:18 pm\" rel=\"bookmark\"><time class=\"wp-show-posts-entry-date published\" datetime=\"2022-05-18T13:18:24+00:00\" itemprop=\"datePublished\">18 mayo, 2022<\/time><time class=\"wp-show-posts-updated\" datetime=\"2022-05-19T13:23:03+00:00\" itemprop=\"dateModified\">19 mayo, 2022<\/time><\/a>\n\t\t\t\t<\/span><\/div>\t\t\t\t\t\t<\/header><!-- .entry-header -->\n\t\t\t\t\t\t\t<div class=\"wp-show-posts-image  wpsp-image-center \">\n\t\t\t<a href=\"https:\/\/www.iescristobaldemonroy.es\/wordpress\/2022\/05\/18\/dia-escolar-de-las-matematicas\/\"  title=\"D\u00eda escolar de las Matem\u00e1ticas\"><img loading=\"lazy\" decoding=\"async\" width=\"1920\" height=\"2560\" src=\"https:\/\/www.iescristobaldemonroy.es\/wordpress\/wp-content\/uploads\/Matematicas1-scaled.jpg\" class=\"attachment-full size-full wp-post-image\" alt=\"\" itemprop=\"image\" srcset=\"https:\/\/www.iescristobaldemonroy.es\/wordpress\/wp-content\/uploads\/Matematicas1-scaled.jpg 1920w, https:\/\/www.iescristobaldemonroy.es\/wordpress\/wp-content\/uploads\/Matematicas1-225x300.jpg 225w, https:\/\/www.iescristobaldemonroy.es\/wordpress\/wp-content\/uploads\/Matematicas1-768x1024.jpg 768w, https:\/\/www.iescristobaldemonroy.es\/wordpress\/wp-content\/uploads\/Matematicas1-1152x1536.jpg 1152w, https:\/\/www.iescristobaldemonroy.es\/wordpress\/wp-content\/uploads\/Matematicas1-1536x2048.jpg 1536w, https:\/\/www.iescristobaldemonroy.es\/wordpress\/wp-content\/uploads\/Matematicas1-405x540.jpg 405w, https:\/\/www.iescristobaldemonroy.es\/wordpress\/wp-content\/uploads\/Matematicas1-400x533.jpg 400w\" sizes=\"auto, (max-width: 1920px) 100vw, 1920px\" \/><\/a>\t\t<\/div>\n\t\t\t\t\t\t\t\t<div class=\"wp-show-posts-entry-summary\" itemprop=\"text\">\n\t\t\t\t\t\t\t<p>Cada&nbsp;12 de mayo&nbsp;se celebra el&nbsp;d\u00eda escolar de las Matem\u00e1ticas&nbsp;en Espa\u00f1a. En nuestro centro lo celebramos los pasados d\u00edas&nbsp;12 y 13 de mayo&nbsp;con unas jornadas en las que&nbsp;el juego se present\u00f3&#8230;<\/p>\n\t\t\t\t\t\t<\/div><!-- .entry-summary -->\n\t\t\t\t\t<div class=\"wpsp-read-more\"><a title=\"D\u00eda escolar de las Matem\u00e1ticas\" class=\"wp-show-posts-read-more\" href=\"https:\/\/www.iescristobaldemonroy.es\/wordpress\/2022\/05\/18\/dia-escolar-de-las-matematicas\/\">Leer m\u00e1s<\/a><\/div><\/div><!-- wp-show-posts-inner --><\/article><article class=\" wp-show-posts-single post-5171 post type-post status-publish format-standard has-post-thumbnail hentry category-programa-de-transito wpsp-col-6\" itemtype=\"http:\/\/schema.org\/CreativeWork\" itemscope><div class=\"wp-show-posts-inner\" style=\"\">\t\t\t\t\t\t<header class=\"wp-show-posts-entry-header\">\n\t\t\t\t\t\t\t<h2 class=\"wp-show-posts-entry-title\" itemprop=\"headline\"><a href=\"https:\/\/www.iescristobaldemonroy.es\/wordpress\/2021\/05\/31\/programa-de-transito-del-colegio-a-nuestro-instituto\/\" rel=\"bookmark\">Programa de Tr\u00e1nsito del colegio a nuestro instituto<\/a><\/h2><div class=\"wp-show-posts-entry-meta wp-show-posts-entry-meta-below-title post-meta-inline\"><span class=\"wp-show-posts-posted-on wp-show-posts-meta\">\n\t\t\t\t\t<a href=\"https:\/\/www.iescristobaldemonroy.es\/wordpress\/2021\/05\/31\/programa-de-transito-del-colegio-a-nuestro-instituto\/\" title=\"11:51 am\" rel=\"bookmark\"><time class=\"wp-show-posts-entry-date published\" datetime=\"2021-05-31T11:51:25+00:00\" itemprop=\"datePublished\">31 mayo, 2021<\/time><time class=\"wp-show-posts-updated\" datetime=\"2021-11-20T17:52:11+00:00\" itemprop=\"dateModified\">20 noviembre, 2021<\/time><\/a>\n\t\t\t\t<\/span><\/div>\t\t\t\t\t\t<\/header><!-- .entry-header -->\n\t\t\t\t\t\t\t<div class=\"wp-show-posts-image  wpsp-image-center \">\n\t\t\t<a href=\"https:\/\/www.iescristobaldemonroy.es\/wordpress\/2021\/05\/31\/programa-de-transito-del-colegio-a-nuestro-instituto\/\"  title=\"Programa de Tr\u00e1nsito del colegio a nuestro instituto\"><img loading=\"lazy\" decoding=\"async\" width=\"2550\" height=\"1650\" src=\"https:\/\/www.iescristobaldemonroy.es\/wordpress\/wp-content\/uploads\/Tr\u00edptico-Tr\u00e1nsito-1-1.jpg\" class=\"attachment-full size-full wp-post-image\" alt=\"\" itemprop=\"image\" srcset=\"https:\/\/www.iescristobaldemonroy.es\/wordpress\/wp-content\/uploads\/Tr\u00edptico-Tr\u00e1nsito-1-1.jpg 2550w, https:\/\/www.iescristobaldemonroy.es\/wordpress\/wp-content\/uploads\/Tr\u00edptico-Tr\u00e1nsito-1-1-300x194.jpg 300w, https:\/\/www.iescristobaldemonroy.es\/wordpress\/wp-content\/uploads\/Tr\u00edptico-Tr\u00e1nsito-1-1-1024x663.jpg 1024w, https:\/\/www.iescristobaldemonroy.es\/wordpress\/wp-content\/uploads\/Tr\u00edptico-Tr\u00e1nsito-1-1-768x497.jpg 768w, https:\/\/www.iescristobaldemonroy.es\/wordpress\/wp-content\/uploads\/Tr\u00edptico-Tr\u00e1nsito-1-1-1536x994.jpg 1536w, https:\/\/www.iescristobaldemonroy.es\/wordpress\/wp-content\/uploads\/Tr\u00edptico-Tr\u00e1nsito-1-1-2048x1325.jpg 2048w, https:\/\/www.iescristobaldemonroy.es\/wordpress\/wp-content\/uploads\/Tr\u00edptico-Tr\u00e1nsito-1-1-835x540.jpg 835w, https:\/\/www.iescristobaldemonroy.es\/wordpress\/wp-content\/uploads\/Tr\u00edptico-Tr\u00e1nsito-1-1-400x259.jpg 400w\" sizes=\"auto, (max-width: 2550px) 100vw, 2550px\" \/><\/a>\t\t<\/div>\n\t\t\t\t\t\t\t\t<div class=\"wp-show-posts-entry-summary\" itemprop=\"text\">\n\t\t\t\t\t\t\t<p>\u00a1Bienvenidos al Monroy!. Los alumnos y alumnas de 1\u00ba ESO han hecho este v\u00eddeo como bienvenida a sus futuros y futuras compa\u00f1eros y compa\u00f1eras que compartir\u00e1n un centro donde cada&#8230;<\/p>\n\t\t\t\t\t\t<\/div><!-- .entry-summary -->\n\t\t\t\t\t<div class=\"wpsp-read-more\"><a title=\"Programa de Tr\u00e1nsito del colegio a nuestro instituto\" class=\"wp-show-posts-read-more\" href=\"https:\/\/www.iescristobaldemonroy.es\/wordpress\/2021\/05\/31\/programa-de-transito-del-colegio-a-nuestro-instituto\/\">Leer m\u00e1s<\/a><\/div><\/div><!-- wp-show-posts-inner --><\/article><div class=\"wpsp-clear\"><\/div><\/section><!-- .wp-show-posts --><div class=\"wpsp-load-more\"><span aria-current=\"page\" class=\"page-numbers current\">1<\/span>\n<a class=\"page-numbers\" href=\"https:\/\/www.iescristobaldemonroy.es\/wordpress\/wp-json\/wp\/v2\/pages\/4910\/page\/2\/\">2<\/a>\n<a class=\"next page-numbers\" href=\"https:\/\/www.iescristobaldemonroy.es\/wordpress\/wp-json\/wp\/v2\/pages\/4910\/page\/2\/\">Siguiente &rarr;<\/a><\/div>\n","protected":false},"excerpt":{"rendered":"","protected":false},"author":1,"featured_media":0,"parent":0,"menu_order":0,"comment_status":"closed","ping_status":"closed","template":"","meta":{"ngg_post_thumbnail":0,"footnotes":""},"class_list":["post-4910","page","type-page","status-publish","hentry"],"_links":{"self":[{"href":"https:\/\/www.iescristobaldemonroy.es\/wordpress\/wp-json\/wp\/v2\/pages\/4910","targetHints":{"allow":["GET"]}}],"collection":[{"href":"https:\/\/www.iescristobaldemonroy.es\/wordpress\/wp-json\/wp\/v2\/pages"}],"about":[{"href":"https:\/\/www.iescristobaldemonroy.es\/wordpress\/wp-json\/wp\/v2\/types\/page"}],"author":[{"embeddable":true,"href":"https:\/\/www.iescristobaldemonroy.es\/wordpress\/wp-json\/wp\/v2\/users\/1"}],"replies":[{"embeddable":true,"href":"https:\/\/www.iescristobaldemonroy.es\/wordpress\/wp-json\/wp\/v2\/comments?post=4910"}],"version-history":[{"count":2,"href":"https:\/\/www.iescristobaldemonroy.es\/wordpress\/wp-json\/wp\/v2\/pages\/4910\/revisions"}],"predecessor-version":[{"id":5169,"href":"https:\/\/www.iescristobaldemonroy.es\/wordpress\/wp-json\/wp\/v2\/pages\/4910\/revisions\/5169"}],"wp:attachment":[{"href":"https:\/\/www.iescristobaldemonroy.es\/wordpress\/wp-json\/wp\/v2\/media?parent=4910"}],"curies":[{"name":"wp","href":"https:\/\/api.w.org\/{rel}","templated":true}]}}